{"id":34461,"date":"2023-06-29T13:48:48","date_gmt":"2023-06-29T11:48:48","guid":{"rendered":"https:\/\/2023.oneclick-cloud.com\/standorte-2\/"},"modified":"2024-10-02T11:20:35","modified_gmt":"2024-10-02T09:20:35","slug":"standorte-2","status":"publish","type":"page","link":"https:\/\/one2.sem-webagentur.de\/de\/ueber-uns\/standorte-2\/","title":{"rendered":"Standorte"},"content":{"rendered":"\t\t<div data-elementor-type=\"wp-page\" data-elementor-id=\"34461\" class=\"elementor elementor-34461 elementor-27103\" data-elementor-post-type=\"page\">\n\t\t\t\t<div class=\"elementor-element elementor-element-abd18a1 e-con-full breadcrumbs e-flex e-con e-parent\" data-id=\"abd18a1\" data-element_type=\"container\" data-settings=\"{&quot;background_background&quot;:&quot;classic&quot;}\">\n\t\t\t\t<div class=\"elementor-element elementor-element-22c67bf elementor-widget elementor-widget-text-editor\" data-id=\"22c67bf\" data-element_type=\"widget\" data-widget_type=\"text-editor.default\">\n\t\t\t\t<div class=\"elementor-widget-container\">\n\t\t\t\t\t\t\t\t\t<p><a href=\"https:\/\/one2.sem-webagentur.de\/ueber-uns\/\">\u00dcber uns <\/a><\/p>\n\t\t\t\t\t\t\t\t<\/div>\n\t\t\t\t<\/div>\n\t\t\t\t<div class=\"elementor-element elementor-element-6398121 elementor-view-default elementor-widget elementor-widget-icon\" data-id=\"6398121\" data-element_type=\"widget\" data-widget_type=\"icon.default\">\n\t\t\t\t<div class=\"elementor-widget-container\">\n\t\t\t\t\t\t\t<div class=\"elementor-icon-wrapper\">\n\t\t\t<div class=\"elementor-icon\">\n\t\t\t<i aria-hidden=\"true\" class=\"icon icon-arrow-right\"><\/i>\t\t\t<\/div>\n\t\t<\/div>\n\t\t\t\t\t\t<\/div>\n\t\t\t\t<\/div>\n\t\t\t\t<div class=\"elementor-element elementor-element-0c37d9a elementor-widget elementor-widget-text-editor\" data-id=\"0c37d9a\" data-element_type=\"widget\" data-widget_type=\"text-editor.default\">\n\t\t\t\t<div class=\"elementor-widget-container\">\n\t\t\t\t\t\t\t\t\t<p>Standorte<\/p>\n\t\t\t\t\t\t\t\t<\/div>\n\t\t\t\t<\/div>\n\t\t\t\t<\/div>\n\t\t<div class=\"elementor-element elementor-element-d4f7b81 e-flex e-con-boxed e-con e-parent\" data-id=\"d4f7b81\" data-element_type=\"container\">\n\t\t\t\t\t<div class=\"e-con-inner\">\n\t\t\t\t<div class=\"elementor-element elementor-element-509cc76 elementor-widget__width-initial elementor-widget elementor-widget-heading\" data-id=\"509cc76\" data-element_type=\"widget\" data-widget_type=\"heading.default\">\n\t\t\t\t<div class=\"elementor-widget-container\">\n\t\t\t\t\t<h1 class=\"elementor-heading-title elementor-size-default\">Entwickelt in der Schweiz und Deutschland - \ninternational exportiert<\/h1>\t\t\t\t<\/div>\n\t\t\t\t<\/div>\n\t\t\t\t<div class=\"elementor-element elementor-element-d3ddd63 elementor-widget__width-initial elementor-widget elementor-widget-text-editor\" data-id=\"d3ddd63\" data-element_type=\"widget\" data-widget_type=\"text-editor.default\">\n\t\t\t\t<div class=\"elementor-widget-container\">\n\t\t\t\t\t\t\t\t\t<p>Auch wenn wir unsere Plattform f\u00fcr digitale Arbeitspl\u00e4tze Kunden und Partnern als Cloud-Service zur Verf\u00fcgung stellen, wissen wir, wie wichtig lokale Kontakte und Beziehungen sind.<\/p>\n\t\t\t\t\t\t\t\t<\/div>\n\t\t\t\t<\/div>\n\t\t\t\t<div class=\"elementor-element elementor-element-90c062a elementor-widget elementor-widget-image\" data-id=\"90c062a\" data-element_type=\"widget\" data-widget_type=\"image.default\">\n\t\t\t\t<div class=\"elementor-widget-container\">\n\t\t\t\t\t\t\t\t\t\t\t\t\t\t\t<img fetchpriority=\"high\" decoding=\"async\" width=\"2788\" height=\"502\" src=\"https:\/\/one2.sem-webagentur.de\/wp-content\/uploads\/2023\/06\/office-people@2x.jpg\" class=\"attachment-full size-full wp-image-27114\" alt=\"\" title=\"\">\t\t\t\t\t\t\t\t\t\t\t\t\t\t\t<\/div>\n\t\t\t\t<\/div>\n\t\t\t\t\t<\/div>\n\t\t\t\t<\/div>\n\t\t<div class=\"elementor-element elementor-element-cf4e494 e-flex e-con-boxed e-con e-parent\" data-id=\"cf4e494\" data-element_type=\"container\">\n\t\t\t\t\t<div class=\"e-con-inner\">\n\t\t<div class=\"elementor-element elementor-element-2f86283 e-con-full e-flex e-con e-parent\" data-id=\"2f86283\" data-element_type=\"container\">\n\t\t\t\t<div class=\"elementor-element elementor-element-26db71e elementor-widget elementor-widget-heading\" data-id=\"26db71e\" data-element_type=\"widget\" data-widget_type=\"heading.default\">\n\t\t\t\t<div class=\"elementor-widget-container\">\n\t\t\t\t\t<h2 class=\"elementor-heading-title elementor-size-default\">Holding<\/h2>\t\t\t\t<\/div>\n\t\t\t\t<\/div>\n\t\t\t\t<div class=\"elementor-element elementor-element-018d893 elementor-widget elementor-widget-heading\" data-id=\"018d893\" data-element_type=\"widget\" data-widget_type=\"heading.default\">\n\t\t\t\t<div class=\"elementor-widget-container\">\n\t\t\t\t\t<h3 class=\"elementor-heading-title elementor-size-default\">Schweiz<\/h3>\t\t\t\t<\/div>\n\t\t\t\t<\/div>\n\t\t\t\t<div class=\"elementor-element elementor-element-ab18082 elementor-widget elementor-widget-text-editor\" data-id=\"ab18082\" data-element_type=\"widget\" data-widget_type=\"text-editor.default\">\n\t\t\t\t<div class=\"elementor-widget-container\">\n\t\t\t\t\t\t\t\t\t<p><strong>oneclick Group AG <\/strong><br \/>Feldeggstrasse 26<br \/>8008 Z\u00fcrich <br \/><a href=\"tel:+41445788893\">+41 44 578 88 93<\/a><\/p>\t\t\t\t\t\t\t\t<\/div>\n\t\t\t\t<\/div>\n\t\t\t\t<div class=\"elementor-element elementor-element-1f5196f elementor-widget elementor-widget-heading\" data-id=\"1f5196f\" data-element_type=\"widget\" data-widget_type=\"heading.default\">\n\t\t\t\t<div class=\"elementor-widget-container\">\n\t\t\t\t\t<h2 class=\"elementor-heading-title elementor-size-default\">Tochtergesellschaften<\/h2>\t\t\t\t<\/div>\n\t\t\t\t<\/div>\n\t\t\t\t<div class=\"elementor-element elementor-element-b9d4bc3 elementor-widget elementor-widget-heading\" data-id=\"b9d4bc3\" data-element_type=\"widget\" data-widget_type=\"heading.default\">\n\t\t\t\t<div class=\"elementor-widget-container\">\n\t\t\t\t\t<h3 class=\"elementor-heading-title elementor-size-default\">Schweiz<\/h3>\t\t\t\t<\/div>\n\t\t\t\t<\/div>\n\t\t\t\t<div class=\"elementor-element elementor-element-59b9d0a elementor-widget elementor-widget-text-editor\" data-id=\"59b9d0a\" data-element_type=\"widget\" data-widget_type=\"text-editor.default\">\n\t\t\t\t<div class=\"elementor-widget-container\">\n\t\t\t\t\t\t\t\t\t<p><strong>oneclick AG<\/strong><br \/>Feldeggstrasse 26<br \/>8008 Z\u00fcrich <br \/><a href=\"tel:+41445788893\">+41 44 578 88 93<\/a><\/p>\t\t\t\t\t\t\t\t<\/div>\n\t\t\t\t<\/div>\n\t\t\t\t<div class=\"elementor-element elementor-element-bd7840a elementor-widget elementor-widget-heading\" data-id=\"bd7840a\" data-element_type=\"widget\" data-widget_type=\"heading.default\">\n\t\t\t\t<div class=\"elementor-widget-container\">\n\t\t\t\t\t<h3 class=\"elementor-heading-title elementor-size-default\">Deutschland <\/h3>\t\t\t\t<\/div>\n\t\t\t\t<\/div>\n\t\t\t\t<div class=\"elementor-element elementor-element-29fdcc7 elementor-widget elementor-widget-text-editor\" data-id=\"29fdcc7\" data-element_type=\"widget\" data-widget_type=\"text-editor.default\">\n\t\t\t\t<div class=\"elementor-widget-container\">\n\t\t\t\t\t\t\t\t\t<p><strong>OC Development GmbH<\/strong><br \/>Sonntagshornstra\u00dfe 18<br \/>83278 Traunstein<br \/><a href=\"tel:+498618812812888\">+49 861 88 128 128 &#8211; 88<\/a><\/p>\n\t\t\t\t\t\t\t\t<\/div>\n\t\t\t\t<\/div>\n\t\t\t\t<div class=\"elementor-element elementor-element-bc75be7 elementor-widget elementor-widget-image\" data-id=\"bc75be7\" data-element_type=\"widget\" data-widget_type=\"image.default\">\n\t\t\t\t<div class=\"elementor-widget-container\">\n\t\t\t\t\t\t\t\t\t\t\t\t\t\t\t<img decoding=\"async\" width=\"800\" height=\"692\" src=\"https:\/\/one2.sem-webagentur.de\/wp-content\/uploads\/2023\/07\/OC_image@2x.png\" class=\"attachment-large size-large wp-image-27658\" alt=\"\" title=\"\">\t\t\t\t\t\t\t\t\t\t\t\t\t\t\t<\/div>\n\t\t\t\t<\/div>\n\t\t\t\t<\/div>\n\t\t<div class=\"elementor-element elementor-element-6d24351 e-con-full e-flex e-con e-parent\" data-id=\"6d24351\" data-element_type=\"container\">\n\t\t\t\t<div class=\"elementor-element elementor-element-912255a elementor-widget elementor-widget-heading\" data-id=\"912255a\" data-element_type=\"widget\" data-widget_type=\"heading.default\">\n\t\t\t\t<div class=\"elementor-widget-container\">\n\t\t\t\t\t<h2 class=\"elementor-heading-title elementor-size-default\">Regionale Vertriebsgesellschaften<\/h2>\t\t\t\t<\/div>\n\t\t\t\t<\/div>\n\t\t\t\t<div class=\"elementor-element elementor-element-093cb99 elementor-widget elementor-widget-heading\" data-id=\"093cb99\" data-element_type=\"widget\" data-widget_type=\"heading.default\">\n\t\t\t\t<div class=\"elementor-widget-container\">\n\t\t\t\t\t<h3 class=\"elementor-heading-title elementor-size-default\">Deutschland <\/h3>\t\t\t\t<\/div>\n\t\t\t\t<\/div>\n\t\t\t\t<div class=\"elementor-element elementor-element-6f87149 elementor-widget elementor-widget-text-editor\" data-id=\"6f87149\" data-element_type=\"widget\" data-widget_type=\"text-editor.default\">\n\t\t\t\t<div class=\"elementor-widget-container\">\n\t\t\t\t\t\t\t\t\t<p><strong>oneclick Plattform GmbH<\/strong><br \/>Am Botten 7<br \/>53179 Bonn <br \/><a href=\"tel:+498618812812888\">+49 861 88 128 128 &#8211; 88<\/a><\/p>\n\t\t\t\t\t\t\t\t<\/div>\n\t\t\t\t<\/div>\n\t\t\t\t<div class=\"elementor-element elementor-element-50fa896 elementor-widget elementor-widget-heading\" data-id=\"50fa896\" data-element_type=\"widget\" data-widget_type=\"heading.default\">\n\t\t\t\t<div class=\"elementor-widget-container\">\n\t\t\t\t\t<h3 class=\"elementor-heading-title elementor-size-default\">Schweiz<\/h3>\t\t\t\t<\/div>\n\t\t\t\t<\/div>\n\t\t\t\t<div class=\"elementor-element elementor-element-f3b8428 elementor-widget elementor-widget-text-editor\" data-id=\"f3b8428\" data-element_type=\"widget\" data-widget_type=\"text-editor.default\">\n\t\t\t\t<div class=\"elementor-widget-container\">\n\t\t\t\t\t\t\t\t\t<p><strong>oneclick Plattform Schweiz GmbH<\/strong><br \/>Feldeggstrasse 26<br \/>8008 Z\u00fcrich <br \/><a href=\"tel:+41445788893\">+41 44 578 88 93<\/a><\/p>\t\t\t\t\t\t\t\t<\/div>\n\t\t\t\t<\/div>\n\t\t\t\t<div class=\"elementor-element elementor-element-a69b9bc elementor-widget elementor-widget-heading\" data-id=\"a69b9bc\" data-element_type=\"widget\" data-widget_type=\"heading.default\">\n\t\t\t\t<div class=\"elementor-widget-container\">\n\t\t\t\t\t<h3 class=\"elementor-heading-title elementor-size-default\">Gro\u00dfbritannien<\/h3>\t\t\t\t<\/div>\n\t\t\t\t<\/div>\n\t\t\t\t<div class=\"elementor-element elementor-element-31c77f4 elementor-widget elementor-widget-text-editor\" data-id=\"31c77f4\" data-element_type=\"widget\" data-widget_type=\"text-editor.default\">\n\t\t\t\t<div class=\"elementor-widget-container\">\n\t\t\t\t\t\t\t\t\t<p><strong>oneclick Platform UK Ltd.<\/strong><br \/>4 Bank Court, Weldon Road<br \/>Loughborough, LE11 5RF, Leicestershire<br \/><a href=\"tel:+441215120089\">+44 12 151 200 89<\/a><\/p>\n\t\t\t\t\t\t\t\t<\/div>\n\t\t\t\t<\/div>\n\t\t\t\t<div class=\"elementor-element elementor-element-3d19250 elementor-widget elementor-widget-heading\" data-id=\"3d19250\" data-element_type=\"widget\" data-widget_type=\"heading.default\">\n\t\t\t\t<div class=\"elementor-widget-container\">\n\t\t\t\t\t<h3 class=\"elementor-heading-title elementor-size-default\">USA<\/h3>\t\t\t\t<\/div>\n\t\t\t\t<\/div>\n\t\t\t\t<div class=\"elementor-element elementor-element-081b012 elementor-widget elementor-widget-text-editor\" data-id=\"081b012\" data-element_type=\"widget\" data-widget_type=\"text-editor.default\">\n\t\t\t\t<div class=\"elementor-widget-container\">\n\t\t\t\t\t\t\t\t\t<p><strong>oneclick Platform US Inc.<\/strong><br \/>2804 Gateway Oaks Drive<br \/>Sacramento, CA 95833<br \/><a href=\"tel:+19545688112\">+1 95 456 881 12<\/a><\/p>\n\t\t\t\t\t\t\t\t<\/div>\n\t\t\t\t<\/div>\n\t\t\t\t<div class=\"elementor-element elementor-element-f7d8c8a elementor-widget elementor-widget-heading\" data-id=\"f7d8c8a\" data-element_type=\"widget\" data-widget_type=\"heading.default\">\n\t\t\t\t<div class=\"elementor-widget-container\">\n\t\t\t\t\t<h3 class=\"elementor-heading-title elementor-size-default\">S\u00fcdafrika<\/h3>\t\t\t\t<\/div>\n\t\t\t\t<\/div>\n\t\t\t\t<div class=\"elementor-element elementor-element-80630da elementor-widget elementor-widget-text-editor\" data-id=\"80630da\" data-element_type=\"widget\" data-widget_type=\"text-editor.default\">\n\t\t\t\t<div class=\"elementor-widget-container\">\n\t\t\t\t\t\t\t\t\t<p><strong>oneclick Platform SA<\/strong><br \/>Po Box 1022, Mondeor,<br \/>Johannesburg, Gauteng, 2110<br \/><a href=\"tel:+498618812812888\">+49 861 88 128 128 &#8211; 88<\/a><\/p>\n\t\t\t\t\t\t\t\t<\/div>\n\t\t\t\t<\/div>\n\t\t\t\t<div class=\"elementor-element elementor-element-efe7078 elementor-widget elementor-widget-heading\" data-id=\"efe7078\" data-element_type=\"widget\" data-widget_type=\"heading.default\">\n\t\t\t\t<div class=\"elementor-widget-container\">\n\t\t\t\t\t<h3 class=\"elementor-heading-title elementor-size-default\">Singapur<\/h3>\t\t\t\t<\/div>\n\t\t\t\t<\/div>\n\t\t\t\t<div class=\"elementor-element elementor-element-b3f30f5 elementor-widget elementor-widget-text-editor\" data-id=\"b3f30f5\" data-element_type=\"widget\" data-widget_type=\"text-editor.default\">\n\t\t\t\t<div class=\"elementor-widget-container\">\n\t\t\t\t\t\t\t\t\t<p><strong>oc Platform Pte. Ltd.<\/strong><br \/>68 Circular Road,<br \/>#02-01, 049422, Singapur<br \/><a href=\"tel:+6531389565\">+65 313 895 65<\/a><\/p>\n\t\t\t\t\t\t\t\t<\/div>\n\t\t\t\t<\/div>\n\t\t\t\t<div class=\"elementor-element elementor-element-7efa546 elementor-widget elementor-widget-heading\" data-id=\"7efa546\" data-element_type=\"widget\" data-widget_type=\"heading.default\">\n\t\t\t\t<div class=\"elementor-widget-container\">\n\t\t\t\t\t<h3 class=\"elementor-heading-title elementor-size-default\">China<\/h3>\t\t\t\t<\/div>\n\t\t\t\t<\/div>\n\t\t\t\t<div class=\"elementor-element elementor-element-d061ac7 elementor-widget elementor-widget-text-editor\" data-id=\"d061ac7\" data-element_type=\"widget\" data-widget_type=\"text-editor.default\">\n\t\t\t\t<div class=\"elementor-widget-container\">\n\t\t\t\t\t\t\t\t\t<p><strong>oneclick Platform Ltd.<\/strong><br \/>2 Unit 1603, 1, 6th Floor, The L. Plaza, 367-375<br \/>Queen\u2019s Road Central, Sheung Wan, Hong Kong<br \/><a href=\"tel:+85230022772\">+852 300 227 72<\/a><\/p>\n\t\t\t\t\t\t\t\t<\/div>\n\t\t\t\t<\/div>\n\t\t\t\t<\/div>\n\t\t\t\t\t<\/div>\n\t\t\t\t<\/div>\n\t\t<div class=\"elementor-element elementor-element-57f8026 e-flex e-con-boxed e-con e-parent\" data-id=\"57f8026\" data-element_type=\"container\">\n\t\t\t\t\t<div class=\"e-con-inner\">\n\t\t\t\t<div class=\"elementor-element elementor-element-0f97ee3 elementor-widget elementor-widget-heading\" data-id=\"0f97ee3\" data-element_type=\"widget\" data-widget_type=\"heading.default\">\n\t\t\t\t<div class=\"elementor-widget-container\">\n\t\t\t\t\t<h2 class=\"elementor-heading-title elementor-size-default\">Senden Sie uns Ihre Anfrage \u00fcber unser Kontaktformular<\/h2>\t\t\t\t<\/div>\n\t\t\t\t<\/div>\n\t\t\t\t<div class=\"elementor-element elementor-element-8eaaa10 elementor-align-center elementor-mobile-align-justify elementor-widget elementor-widget-button\" data-id=\"8eaaa10\" data-element_type=\"widget\" data-widget_type=\"button.default\">\n\t\t\t\t<div class=\"elementor-widget-container\">\n\t\t\t\t\t\t\t\t\t<div class=\"elementor-button-wrapper\">\n\t\t\t\t\t<a class=\"elementor-button elementor-button-link elementor-size-sm\" href=\"https:\/\/one2.sem-webagentur.de\/contact\/\">\n\t\t\t\t\t\t<span class=\"elementor-button-content-wrapper\">\n\t\t\t\t\t\t\t\t\t<span class=\"elementor-button-text\">KONTAKT AUFNEHMEN<\/span>\n\t\t\t\t\t<\/span>\n\t\t\t\t\t<\/a>\n\t\t\t\t<\/div>\n\t\t\t\t\t\t\t\t<\/div>\n\t\t\t\t<\/div>\n\t\t\t\t\t<\/div>\n\t\t\t\t<\/div>\n\t\t<div class=\"elementor-element elementor-element-2620d61 e-con-full e-flex e-con e-parent\" data-id=\"2620d61\" data-element_type=\"container\">\n\t\t\t\t<div class=\"elementor-element elementor-element-a001c6d elementor-widget elementor-widget-image\" data-id=\"a001c6d\" data-element_type=\"widget\" data-widget_type=\"image.default\">\n\t\t\t\t<div class=\"elementor-widget-container\">\n\t\t\t\t\t\t\t\t\t\t\t\t\t\t\t<img decoding=\"async\" width=\"3844\" height=\"676\" src=\"https:\/\/one2.sem-webagentur.de\/wp-content\/uploads\/2023\/06\/office@2x.jpg\" class=\"attachment-full size-full wp-image-27118\" alt=\"\" title=\"\">\t\t\t\t\t\t\t\t\t\t\t\t\t\t\t<\/div>\n\t\t\t\t<\/div>\n\t\t\t\t<\/div>\n\t\t\t\t<\/div>\n\t\t","protected":false},"excerpt":{"rendered":"<p>\u00dcber uns Standorte Entwickelt in der Schweiz und Deutschland &#8211; international exportiert Auch wenn wir unsere Plattform f\u00fcr digitale Arbeitspl\u00e4tze Kunden und Partnern als Cloud-Service zur Verf\u00fcgung stellen, wissen wir, wie wichtig lokale Kontakte und Beziehungen sind. Holding Schweiz oneclick Group AG Feldeggstrasse 268008 Z\u00fcrich +41 44 578 88 93 Tochtergesellschaften Schweiz oneclick AGFeldeggstrasse 268008 [&hellip;]<\/p>\n","protected":false},"author":1,"featured_media":0,"parent":34384,"menu_order":0,"comment_status":"closed","ping_status":"closed","template":"","meta":{"_acf_changed":false,"inline_featured_image":false,"footnotes":"","_links_to":"","_links_to_target":""},"class_list":["post-34461","page","type-page","status-publish","hentry"],"acf":[],"_links":{"self":[{"href":"https:\/\/one2.sem-webagentur.de\/de\/wp-json\/wp\/v2\/pages\/34461","targetHints":{"allow":["GET"]}}],"collection":[{"href":"https:\/\/one2.sem-webagentur.de\/de\/wp-json\/wp\/v2\/pages"}],"about":[{"href":"https:\/\/one2.sem-webagentur.de\/de\/wp-json\/wp\/v2\/types\/page"}],"author":[{"embeddable":true,"href":"https:\/\/one2.sem-webagentur.de\/de\/wp-json\/wp\/v2\/users\/1"}],"replies":[{"embeddable":true,"href":"https:\/\/one2.sem-webagentur.de\/de\/wp-json\/wp\/v2\/comments?post=34461"}],"version-history":[{"count":13,"href":"https:\/\/one2.sem-webagentur.de\/de\/wp-json\/wp\/v2\/pages\/34461\/revisions"}],"predecessor-version":[{"id":43937,"href":"https:\/\/one2.sem-webagentur.de\/de\/wp-json\/wp\/v2\/pages\/34461\/revisions\/43937"}],"up":[{"embeddable":true,"href":"https:\/\/one2.sem-webagentur.de\/de\/wp-json\/wp\/v2\/pages\/34384"}],"wp:attachment":[{"href":"https:\/\/one2.sem-webagentur.de\/de\/wp-json\/wp\/v2\/media?parent=34461"}],"curies":[{"name":"wp","href":"https:\/\/api.w.org\/{rel}","templated":true}]}}