{"id":34351,"date":"2023-07-15T22:30:37","date_gmt":"2023-07-15T20:30:37","guid":{"rendered":"https:\/\/2023.oneclick-cloud.com\/impressum\/"},"modified":"2025-01-21T12:36:26","modified_gmt":"2025-01-21T11:36:26","slug":"impressum","status":"publish","type":"page","link":"https:\/\/one2.sem-webagentur.de\/de\/impressum\/","title":{"rendered":"Impressum"},"content":{"rendered":"\t\t<div data-elementor-type=\"wp-page\" data-elementor-id=\"34351\" class=\"elementor elementor-34351 elementor-28628\" data-elementor-post-type=\"page\">\n\t\t\t\t<div class=\"elementor-element elementor-element-60d1888 legal-text e-flex e-con-boxed e-con e-parent\" data-id=\"60d1888\" data-element_type=\"container\">\n\t\t\t\t\t<div class=\"e-con-inner\">\n\t\t<div class=\"elementor-element elementor-element-393b3fd e-flex e-con-boxed e-con e-parent\" data-id=\"393b3fd\" data-element_type=\"container\">\n\t\t\t\t\t<div class=\"e-con-inner\">\n\t\t\t\t<div class=\"elementor-element elementor-element-351374a elementor-widget__width-initial elementor-widget elementor-widget-text-editor\" data-id=\"351374a\" data-element_type=\"widget\" data-widget_type=\"text-editor.default\">\n\t\t\t\t<div class=\"elementor-widget-container\">\n\t\t\t\t\t\t\t\t\t<h2>Hauptsitz<\/h2><p><strong>oneclick Group AG<\/strong><br \/>Feldeggstrasse 26<br \/>8008 Z\u00fcrich<br \/>Schweiz<\/p><p>Telefon: <a href=\"tel:+41%2044%20578%2088%2093\">+41 44 578 88 93<\/a><br \/><a data-enc-email=\"vasb[at]barpyvpx-pybhq.pbz\" data-wpel-link=\"ignore\">info@oneclick-cloud.com<\/a><\/p><p>Gesch\u00e4ftsf\u00fchrung:<br \/><span style=\"color: var( --e-global-color-text ); font-family: var( --e-global-typography-primary-font-family ), Sans-serif; font-size: var( --e-global-typography-primary-font-size ); font-weight: var( --e-global-typography-primary-font-weight );\">Dominik Birgelen<br \/><\/span>Rechtssitz der Firma: Z\u00fcrich (ZH)<br \/>Handelsregister-Nummer: CHE-158.423.766<br \/>Handelsregisteramt: Kanton Z\u00fcrich<\/p><p>Inhaltlich Verantwortlicher:<br \/>Dominik Birgelen (Anschrift wie oben)<\/p>\t\t\t\t\t\t\t\t<\/div>\n\t\t\t\t<\/div>\n\t\t\t\t\t<\/div>\n\t\t\t\t<\/div>\n\t\t<div class=\"elementor-element elementor-element-59134b3 e-flex e-con-boxed e-con e-parent\" data-id=\"59134b3\" data-element_type=\"container\">\n\t\t\t\t\t<div class=\"e-con-inner\">\n\t\t\t\t<div class=\"elementor-element elementor-element-e7f2a79 elementor-widget__width-initial elementor-widget elementor-widget-text-editor\" data-id=\"e7f2a79\" data-element_type=\"widget\" data-widget_type=\"text-editor.default\">\n\t\t\t\t<div class=\"elementor-widget-container\">\n\t\t\t\t\t\t\t\t\t<div><div><div><div><div><h2>Operations<\/h2><\/div><\/div><\/div><\/div><\/div><div><p><strong>oneclick AG<\/strong><br \/>Feldeggstrasse 26<br \/>8008 Z\u00fcrich<br \/>Schweiz<\/p><p>Telefon: <a href=\"tel:+41%2044%20578%2088%2093\">+41 44 578 88 93<\/a><br \/><a data-enc-email=\"vasb[at]barpyvpx-pybhq.pbz\" data-wpel-link=\"ignore\">info@oneclick-cloud.com<\/a><\/p><p>Gesch\u00e4ftsf\u00fchrung:<br \/><span style=\"color: var( --e-global-color-text ); font-family: var( --e-global-typography-primary-font-family ), Sans-serif; font-size: var( --e-global-typography-primary-font-size ); font-weight: var( --e-global-typography-primary-font-weight );\">Guido Ru\u00df, Dominik Birgelen<br \/><\/span>Rechtssitz der Firma: Z\u00fcrich (ZH)<br \/>Handelsregister-Nummer: CHE-284.097.035<br \/>Handelsregisteramt: Kanton Z\u00fcrich<\/p><p>Inhaltlich Verantwortlicher:<br \/>Guido Ru\u00df (Anschrift wie oben)<\/p><\/div>\t\t\t\t\t\t\t\t<\/div>\n\t\t\t\t<\/div>\n\t\t\t\t\t<\/div>\n\t\t\t\t<\/div>\n\t\t<div class=\"elementor-element elementor-element-8cf644a e-flex e-con-boxed e-con e-parent\" data-id=\"8cf644a\" data-element_type=\"container\">\n\t\t\t\t\t<div class=\"e-con-inner\">\n\t\t\t\t<div class=\"elementor-element elementor-element-657741a elementor-widget__width-initial elementor-widget elementor-widget-text-editor\" data-id=\"657741a\" data-element_type=\"widget\" data-widget_type=\"text-editor.default\">\n\t\t\t\t<div class=\"elementor-widget-container\">\n\t\t\t\t\t\t\t\t\t<div>\n<div>\n<div>\n<div>\n<div>\n<div>\n<h2>Entwicklung und Support<\/h2>\n<\/div>\n<\/div>\n<\/div>\n<\/div>\n<\/div>\n<div>\n<div>\n<div>\n<div>\n<div>\n<p><strong>OC Development GmbH<\/strong><br \/>Sonntagshornstr. 18<br \/>83278 Traunstein<br \/>Deutschland<\/p>\n<p>Telefon: <a href=\"tel:+49%20861%2088%20128%20128%20-%2088\">+49 861 88 128 128 \u2013 88<\/a><br \/><a data-enc-email=\"vasb[at]barpyvpx-pybhq.pbz\" data-wpel-link=\"ignore\">info@oneclick-cloud.com<\/a><\/p>\n<p>Vertretungsberechtigter Gesch\u00e4ftsf\u00fchrer:<br \/>Dominik Birgelen<br \/>Registergericht: Amtsgericht Traunstein HRB 23826<br \/>UID: DE297730392<\/p>\n<\/div>\n<\/div>\n<\/div>\n<\/div>\n<\/div>\n<\/div>\n\t\t\t\t\t\t\t\t<\/div>\n\t\t\t\t<\/div>\n\t\t\t\t\t<\/div>\n\t\t\t\t<\/div>\n\t\t\t\t\t<\/div>\n\t\t\t\t<\/div>\n\t\t<div class=\"elementor-element elementor-element-e3ffcd2 legal-text e-flex e-con-boxed e-con e-parent\" data-id=\"e3ffcd2\" data-element_type=\"container\">\n\t\t\t\t\t<div class=\"e-con-inner\">\n\t\t\t\t<div class=\"elementor-element elementor-element-b8783a4 elementor-widget-divider--view-line elementor-widget elementor-widget-divider\" data-id=\"b8783a4\" data-element_type=\"widget\" data-widget_type=\"divider.default\">\n\t\t\t\t<div class=\"elementor-widget-container\">\n\t\t\t\t\t\t\t<div class=\"elementor-divider\">\n\t\t\t<span class=\"elementor-divider-separator\">\n\t\t\t\t\t\t<\/span>\n\t\t<\/div>\n\t\t\t\t\t\t<\/div>\n\t\t\t\t<\/div>\n\t\t\t\t\t<\/div>\n\t\t\t\t<\/div>\n\t\t<div class=\"elementor-element elementor-element-d44b9f7 legal-text e-flex e-con-boxed e-con e-parent\" data-id=\"d44b9f7\" data-element_type=\"container\">\n\t\t\t\t\t<div class=\"e-con-inner\">\n\t\t\t\t<div class=\"elementor-element elementor-element-8af3408 elementor-widget elementor-widget-text-editor\" data-id=\"8af3408\" data-element_type=\"widget\" data-widget_type=\"text-editor.default\">\n\t\t\t\t<div class=\"elementor-widget-container\">\n\t\t\t\t\t\t\t\t\t<div class=\"vc_row wpb_row vc_row-fluid\">\n<div class=\"wpb_column vc_column_container vc_col-sm-12\">\n<div class=\"vc_column-inner\">\n<div class=\"wpb_wrapper\">\n<div class=\"wpb_text_column wpb_content_element \">\n<div class=\"wpb_wrapper\">\n<h2>Regionale Niederlassungen<\/h2>\n<\/div>\n<\/div>\n<\/div>\n<\/div>\n<\/div>\n<\/div>\n<div class=\"vc_row wpb_row vc_row-fluid\">\n<div class=\"wpb_column vc_column_container vc_col-sm-12 vc_col-lg-4 vc_col-md-12 vc_col-xs-12\">\n<div class=\"vc_column-inner\">\n<div class=\"wpb_wrapper\">\n<div class=\"wpb_text_column wpb_content_element \">\n<div class=\"wpb_wrapper\"> <\/div>\n<\/div>\n<\/div>\n<\/div>\n<\/div>\n<\/div>\n\t\t\t\t\t\t\t\t<\/div>\n\t\t\t\t<\/div>\n\t\t\t\t\t<\/div>\n\t\t\t\t<\/div>\n\t\t<div class=\"elementor-element elementor-element-58c6a69 legal-text e-flex e-con-boxed e-con e-parent\" data-id=\"58c6a69\" data-element_type=\"container\">\n\t\t\t\t\t<div class=\"e-con-inner\">\n\t\t<div class=\"elementor-element elementor-element-f562959 e-flex e-con-boxed e-con e-parent\" data-id=\"f562959\" data-element_type=\"container\">\n\t\t\t\t\t<div class=\"e-con-inner\">\n\t\t\t\t<div class=\"elementor-element elementor-element-c3eee2d elementor-widget__width-initial elementor-widget elementor-widget-text-editor\" data-id=\"c3eee2d\" data-element_type=\"widget\" data-widget_type=\"text-editor.default\">\n\t\t\t\t<div class=\"elementor-widget-container\">\n\t\t\t\t\t\t\t\t\t<h3>Deutschland<\/h3>\n<p><strong>oneclick Plattform GmbH<\/strong><br>Am Botten 7<br>53179 Bonn<br>Deutschland<\/p>\n<p>Telefon:&nbsp;<a href=\"tel:+49%20861%2088%20128%20128%20-%2088\">+49 861 88 128 128 \u2013 88<\/a><br><a data-enc-email=\"fnyrf[at]barpyvpx-pybhq.pbz\" data-wpel-link=\"ignore\">sales@oneclick-cloud.com<\/a><\/p>\n<p>Gesch\u00e4ftsf\u00fchrung:<br>Christian Petschik, Dominik Birgelen<br>Registergericht: Amtsgericht Bonn HRB 23133<br>UID: DE294750915<\/p>\t\t\t\t\t\t\t\t<\/div>\n\t\t\t\t<\/div>\n\t\t\t\t\t<\/div>\n\t\t\t\t<\/div>\n\t\t<div class=\"elementor-element elementor-element-affc4b3 e-flex e-con-boxed e-con e-parent\" data-id=\"affc4b3\" data-element_type=\"container\">\n\t\t\t\t\t<div class=\"e-con-inner\">\n\t\t\t\t<div class=\"elementor-element elementor-element-b9f705a elementor-widget__width-initial elementor-widget elementor-widget-text-editor\" data-id=\"b9f705a\" data-element_type=\"widget\" data-widget_type=\"text-editor.default\">\n\t\t\t\t<div class=\"elementor-widget-container\">\n\t\t\t\t\t\t\t\t\t<h3>Schweiz<\/h3><p><strong>oneclick Plattform Schweiz GmbH<\/strong><br \/>Feldeggstrasse 26<br \/>8008 Z\u00fcrich<br \/>Schweiz<\/p><p>Telefon: <a href=\"tel:+41%2044%20578%2088%2093\">+41 44 578 88 93<\/a><br \/><a class=\"mail-link\" data-enc-email=\"fnyrf[at]barpyvpx-pybhq.pbz\" data-wpel-link=\"ignore\"><span id=\"wpmt-525480-896423\">sales@oneclick-cloud.com<\/span><\/a><\/p><p>Gesch\u00e4ftsf\u00fchrung:<br \/>Dominik Birgelen<br \/>Rechtssitz der Firma: Z\u00fcrich (ZH)<br \/>Handelsregister-Nummer: CHE-114.259.556<br \/>Handelsregisteramt: Kanton Z\u00fcrich<\/p>\t\t\t\t\t\t\t\t<\/div>\n\t\t\t\t<\/div>\n\t\t\t\t\t<\/div>\n\t\t\t\t<\/div>\n\t\t<div class=\"elementor-element elementor-element-7fbf74d e-flex e-con-boxed e-con e-parent\" data-id=\"7fbf74d\" data-element_type=\"container\">\n\t\t\t\t\t<div class=\"e-con-inner\">\n\t\t\t\t<div class=\"elementor-element elementor-element-4120470 elementor-widget__width-initial elementor-widget elementor-widget-text-editor\" data-id=\"4120470\" data-element_type=\"widget\" data-widget_type=\"text-editor.default\">\n\t\t\t\t<div class=\"elementor-widget-container\">\n\t\t\t\t\t\t\t\t\t<h3>Vereinigtes K\u00f6nigreich<\/h3>\n<p><strong>oneclick Platform UK Ltd.<\/strong><br \/>4 Bank Court<br \/>Weldon Road<br \/>Loughborough, LE11 5RF<br \/>Leicestershire<br \/>Vereinigtes K\u00f6nigreich<\/p>\n<p>Telefon: <a href=\"tel:+44%2012%20151%20200%2088\">+44 12 151 200 88<\/a><br \/><a data-enc-email=\"fnyrf[at]barpyvpx-pybhq.pbz\" data-wpel-link=\"ignore\">sales@oneclick-cloud.com<\/a><\/p>\n<p>Gesch\u00e4ftsf\u00fchrung:<br \/>Dominik Birgelen<br \/>UK Companies House<br \/>Firmennummer 10393144<br \/>VAT ID: GB256956262<\/p>\n\t\t\t\t\t\t\t\t<\/div>\n\t\t\t\t<\/div>\n\t\t\t\t\t<\/div>\n\t\t\t\t<\/div>\n\t\t\t\t\t<\/div>\n\t\t\t\t<\/div>\n\t\t<div class=\"elementor-element elementor-element-2001bd2 legal-text e-flex e-con-boxed e-con e-parent\" data-id=\"2001bd2\" data-element_type=\"container\">\n\t\t\t\t\t<div class=\"e-con-inner\">\n\t\t<div class=\"elementor-element elementor-element-ed22807 e-flex e-con-boxed e-con e-parent\" data-id=\"ed22807\" data-element_type=\"container\">\n\t\t\t\t\t<div class=\"e-con-inner\">\n\t\t\t\t<div class=\"elementor-element elementor-element-f49d96e elementor-widget__width-initial elementor-widget elementor-widget-text-editor\" data-id=\"f49d96e\" data-element_type=\"widget\" data-widget_type=\"text-editor.default\">\n\t\t\t\t<div class=\"elementor-widget-container\">\n\t\t\t\t\t\t\t\t\t<h3>USA<\/h3>\n<p><strong>oneclick Platform US Inc.<\/strong><br \/>2804 Gateway Oaks Drive<br \/>Sacramento, CA 95833<br \/>USA<\/p>\n<p>Telefon: <a href=\"tel:+44%2012%20151%20200%2088\">+44 12 151 200 88<\/a><br \/><a class=\"mail-link\" data-enc-email=\"fnyrf[at]barpyvpx-pybhq.pbz\" data-wpel-link=\"ignore\"><span id=\"wpmt-57974-420345\">sales@oneclick-cloud.com<\/span><\/a><\/p>\n<p>Gesch\u00e4ftsf\u00fchrung:<br \/><span style=\"color: var( --e-global-color-text ); font-family: var( --e-global-typography-primary-font-family ), Sans-serif; font-size: var( --e-global-typography-primary-font-size ); font-weight: var( --e-global-typography-primary-font-weight );\">Dominik Birgelen<br \/><\/span><span style=\"color: var( --e-global-color-text ); font-family: var( --e-global-typography-primary-font-family ), Sans-serif; font-size: var( --e-global-typography-primary-font-size ); font-weight: var( --e-global-typography-primary-font-weight );\"> ID No. 32-0607071<\/span><\/p>\n\t\t\t\t\t\t\t\t<\/div>\n\t\t\t\t<\/div>\n\t\t\t\t\t<\/div>\n\t\t\t\t<\/div>\n\t\t<div class=\"elementor-element elementor-element-60e7e3d e-flex e-con-boxed e-con e-parent\" data-id=\"60e7e3d\" data-element_type=\"container\">\n\t\t\t\t\t<div class=\"e-con-inner\">\n\t\t\t\t<div class=\"elementor-element elementor-element-fef7c34 elementor-widget__width-initial elementor-widget elementor-widget-text-editor\" data-id=\"fef7c34\" data-element_type=\"widget\" data-widget_type=\"text-editor.default\">\n\t\t\t\t<div class=\"elementor-widget-container\">\n\t\t\t\t\t\t\t\t\t<h3>APAC<\/h3>\n<p><strong>oneclick Platform Ltd.<\/strong><br \/>2 Unit 1603, 1<br \/>6th Floor, The L. Plaza, 367-375<br \/>Queen\u2019s Road Central, Sheung Wan, Hong Kong<br \/>China<\/p>\n<p>Telefon: <a href=\"tel:+44%2012%20151%20200%2088\">+44 12 151 200 88<\/a><br \/><a class=\"mail-link\" data-enc-email=\"fnyrf[at]barpyvpx-pybhq.pbz\" data-wpel-link=\"ignore\"><span id=\"wpmt-179508-886263\">sales@oneclick-cloud.com<\/span><\/a><\/p>\n<p>Gesch\u00e4ftsf\u00fchrung:<br \/>Dominik Birgelen<br \/>Company ID: 3087564<\/p>\n\t\t\t\t\t\t\t\t<\/div>\n\t\t\t\t<\/div>\n\t\t\t\t\t<\/div>\n\t\t\t\t<\/div>\n\t\t<div class=\"elementor-element elementor-element-1273c02 e-flex e-con-boxed e-con e-parent\" data-id=\"1273c02\" data-element_type=\"container\">\n\t\t\t\t\t<div class=\"e-con-inner\">\n\t\t\t\t<div class=\"elementor-element elementor-element-6592763 elementor-widget__width-initial elementor-widget elementor-widget-text-editor\" data-id=\"6592763\" data-element_type=\"widget\" data-widget_type=\"text-editor.default\">\n\t\t\t\t<div class=\"elementor-widget-container\">\n\t\t\t\t\t\t\t\t\t<h3>APAC<\/h3>\n<p><strong>oc Platform Pte. Ltd.<\/strong><br \/>68 Circular Road,<br \/>#02-01, 049422,<br \/>Singapur<\/p>\n<p>Telefon: <a href=\"tel:+44%2012%20151%20200%2088\">+44 12 151 200 88<\/a><br \/><a class=\"mail-link\" data-enc-email=\"fnyrf[at]barpyvpx-pybhq.pbz\" data-wpel-link=\"ignore\"><span id=\"wpmt-824275-882602\">sales@oneclick-cloud.com<\/span><\/a><\/p>\n<p>Gesch\u00e4ftsf\u00fchrung:<br \/>Dominik Birgelen<br \/>Company ID: 202212250Z<\/p>\n\t\t\t\t\t\t\t\t<\/div>\n\t\t\t\t<\/div>\n\t\t\t\t\t<\/div>\n\t\t\t\t<\/div>\n\t\t\t\t\t<\/div>\n\t\t\t\t<\/div>\n\t\t<div class=\"elementor-element elementor-element-e6a4acd legal-text e-flex e-con-boxed e-con e-parent\" data-id=\"e6a4acd\" data-element_type=\"container\">\n\t\t\t\t\t<div class=\"e-con-inner\">\n\t\t<div class=\"elementor-element elementor-element-60b6e6d e-flex e-con-boxed e-con e-parent\" data-id=\"60b6e6d\" data-element_type=\"container\">\n\t\t\t\t\t<div class=\"e-con-inner\">\n\t\t\t\t<div class=\"elementor-element elementor-element-9bc7abe elementor-widget__width-initial elementor-widget elementor-widget-text-editor\" data-id=\"9bc7abe\" data-element_type=\"widget\" data-widget_type=\"text-editor.default\">\n\t\t\t\t<div class=\"elementor-widget-container\">\n\t\t\t\t\t\t\t\t\t<h3>S\u00fcdafrika<\/h3>\n<p><strong>oneclick Platform SA<\/strong><br \/>Po Box 1022, Mondeor,<br \/>Johannesburg, Gauteng, 2110,<br \/>S\u00fcdafrika<\/p>\n<p>Telefon: <a href=\"tel:+44%2012%20151%20200%2088\">+44 12 151 200 88<\/a><br \/><a class=\"mail-link\" data-enc-email=\"fnyrf[at]barpyvpx-pybhq.pbz\" data-wpel-link=\"ignore\"><span id=\"wpmt-785469-864792\">sales@oneclick-cloud.com<\/span><\/a><\/p>\n<p>Gesch\u00e4ftsf\u00fchrung:<br \/>Dominik Birgelen<br \/>Company ID: K2021123839<\/p>\n\t\t\t\t\t\t\t\t<\/div>\n\t\t\t\t<\/div>\n\t\t\t\t\t<\/div>\n\t\t\t\t<\/div>\n\t\t<div class=\"elementor-element elementor-element-c5615f7 e-flex e-con-boxed e-con e-parent\" data-id=\"c5615f7\" data-element_type=\"container\">\n\t\t\t\t\t<div class=\"e-con-inner\">\n\t\t\t\t\t<\/div>\n\t\t\t\t<\/div>\n\t\t<div class=\"elementor-element elementor-element-9eeb027 e-flex e-con-boxed e-con e-parent\" data-id=\"9eeb027\" data-element_type=\"container\">\n\t\t\t\t\t<div class=\"e-con-inner\">\n\t\t\t\t\t<\/div>\n\t\t\t\t<\/div>\n\t\t\t\t\t<\/div>\n\t\t\t\t<\/div>\n\t\t\t\t<\/div>\n\t\t","protected":false},"excerpt":{"rendered":"<p>Hauptsitz oneclick Group AG Feldeggstrasse 26 8008 Z\u00fcrich Schweiz Telefon: +41 44 578 88 93 info@oneclick-cloud.com Gesch\u00e4ftsf\u00fchrung: Dominik Birgelen Rechtssitz der Firma: Z\u00fcrich (ZH) Handelsregister-Nummer: CHE-158.423.766 Handelsregisteramt: Kanton Z\u00fcrich Inhaltlich Verantwortlicher: Dominik Birgelen (Anschrift wie oben) Operations oneclick AG Feldeggstrasse 26 8008 Z\u00fcrich Schweiz Telefon: +41 44 578 88 93 info@oneclick-cloud.com Gesch\u00e4ftsf\u00fchrung: Guido Ru\u00df, Dominik [&hellip;]<\/p>\n","protected":false},"author":1,"featured_media":0,"parent":0,"menu_order":0,"comment_status":"closed","ping_status":"closed","template":"","meta":{"_acf_changed":false,"inline_featured_image":false,"footnotes":"","_links_to":"","_links_to_target":""},"class_list":["post-34351","page","type-page","status-publish","hentry"],"acf":[],"_links":{"self":[{"href":"https:\/\/one2.sem-webagentur.de\/de\/wp-json\/wp\/v2\/pages\/34351","targetHints":{"allow":["GET"]}}],"collection":[{"href":"https:\/\/one2.sem-webagentur.de\/de\/wp-json\/wp\/v2\/pages"}],"about":[{"href":"https:\/\/one2.sem-webagentur.de\/de\/wp-json\/wp\/v2\/types\/page"}],"author":[{"embeddable":true,"href":"https:\/\/one2.sem-webagentur.de\/de\/wp-json\/wp\/v2\/users\/1"}],"replies":[{"embeddable":true,"href":"https:\/\/one2.sem-webagentur.de\/de\/wp-json\/wp\/v2\/comments?post=34351"}],"version-history":[{"count":15,"href":"https:\/\/one2.sem-webagentur.de\/de\/wp-json\/wp\/v2\/pages\/34351\/revisions"}],"predecessor-version":[{"id":44274,"href":"https:\/\/one2.sem-webagentur.de\/de\/wp-json\/wp\/v2\/pages\/34351\/revisions\/44274"}],"wp:attachment":[{"href":"https:\/\/one2.sem-webagentur.de\/de\/wp-json\/wp\/v2\/media?parent=34351"}],"curies":[{"name":"wp","href":"https:\/\/api.w.org\/{rel}","templated":true}]}}